{"id":5532,"date":"2026-04-09T14:51:06","date_gmt":"2026-04-09T14:51:06","guid":{"rendered":"https:\/\/jantlastikmagaza.com\/urun\/petlas-175-70r12-80t-elegant-pt311-2024\/"},"modified":"2026-04-09T15:19:24","modified_gmt":"2026-04-09T15:19:24","slug":"petlas-175-70r12-80t-elegant-pt311-2024","status":"publish","type":"product","link":"https:\/\/jantlastikmagaza.com\/en\/product\/petlas-175-70r12-80t-elegant-pt311-2024\/","title":{"rendered":"Petlas 175\/70R12 80T ELEGANT PT311 (2024)"},"content":{"rendered":"<p><p align=\"center\"><b><span>\u00b7<\/span> <span>T\u00fcm \u00fcr\u00fcnlerimiz <\/span><span>TSE <\/span><span>standartlar\u0131nda \u00f6zel raflarda stoklanmaktad\u0131r.<\/span><\/b><b><span><\/span><\/b><\/p><p align=\"center\"><b><u><span>*Lastiklerde RAF \u00d6MR\u00dc 10 YIL olarak belirlenmi\u015ftir.*<\/span><\/u><\/b><u><\/u><\/p><p align=\"center\"><b><span>\u00b7 Ma\u011fazam\u0131zda sat\u0131lan lastikler kullan\u0131mdan itibaren 2 YIL GARANT\u0130S\u0130 vard\u0131r.<\/span><\/b><\/p><p align=\"center\"><b><span>\u00b7 S\u00f6kme, takma ve balans <u>yap\u0131lmam\u0131\u015f<\/u> t\u00fcm \u00fcr\u00fcnlerde<\/span><\/b><\/p><p align=\"center\"><b><span>De\u011fi\u015fim Hakk\u0131\u2019n\u0131z<\/span><span> mevcuttur.<\/span><\/b><\/p><p align=\"center\"><b><span>Dikkat! Firmam\u0131zdan sat\u0131n alm\u0131\u015f oldu\u011funuz \u00fcr\u00fcnleri teslim al\u0131rken, kargo g\u00f6revlisinin yan\u0131nda kontrol ediniz! K\u0131r\u0131k, ezik, vb. hasar g\u00f6rm\u00fc\u015f \u00fcr\u00fcnlerle ilgili tutanak tutturunuz. Aksi takdirde iade ve de\u011fi\u015fim i\u015flemleri firmam\u0131z taraf\u0131ndan kabul edilmeyecektir.<\/span><\/b><\/p><p align=\"center\"><b><span>Sat\u0131n almadan \u00f6nce ara\u00e7 \u00fczerindeki lastik ebatlar\u0131n\u0131 kontrol ediniz veya uzman\u0131m\u0131zdan destek al\u0131n\u0131z.<\/span><\/b><\/p><h3><span lang=\"EN-US\"><font face=\"Calibri Light\">Lastik Se\u00e7imi Neden \u00d6nemlidir?<\/font><\/span><\/h3><p class=\"MsoNormal\"><font face=\"Calibri\">Arac\u0131n\u0131z\u0131n lastikleri, s\u00fcr\u00fc\u015f g\u00fcvenli\u011fi ve performans a\u00e7\u0131s\u0131ndan kritik bir role sahiptir. \u0130yi bir lastik se\u00e7imi, arac\u0131n\u0131z\u0131n yol tutu\u015funu, fren mesafesini ve yak\u0131t verimlili\u011fini etkiler. Bu nedenle, do\u011fru lastikleri se\u00e7mek, hem g\u00fcvenli hem de ekonomik bir s\u00fcr\u00fc\u015f deneyimi i\u00e7in \u00f6nemlidir.<\/font><\/p><h3><span lang=\"EN-US\"><font face=\"Calibri Light\">Lastik Boyutu ve Tipi:<\/font><\/span><\/h3><p class=\"MsoNormal\"><font face=\"Calibri\">Do\u011fru lastik boyutunu se\u00e7mek, arac\u0131n\u0131z\u0131n \u00fcretici taraf\u0131ndan belirlenen \u00f6zelliklerine uyum sa\u011flamas\u0131 i\u00e7in \u00f6nemlidir. Lastiklerinizin do\u011fru boyutta olmas\u0131, yol tutu\u015funu ve s\u00fcr\u00fc\u015f g\u00fcvenli\u011fini art\u0131r\u0131r. Arac\u0131n\u0131z\u0131n kullan\u0131m amac\u0131na g\u00f6re uygun lastik tipini se\u00e7mek de \u00f6nemlidir. \u00d6rne\u011fin, k\u0131\u015f aylar\u0131nda karda ve buzda daha iyi yol tutu\u015fu sa\u011flamak i\u00e7in k\u0131\u015f lasti\u011fi kullan\u0131lmas\u0131 gerekebilir.<\/font><\/p><h3><span lang=\"EN-US\"><font face=\"Calibri Light\">Dayan\u0131kl\u0131l\u0131k ve Yak\u0131t Verimlili\u011fi:<\/font><\/span><\/h3><p class=\"MsoNormal\"><font face=\"Calibri\">Lastik se\u00e7erken dayan\u0131kl\u0131l\u0131k ve yak\u0131t verimlili\u011fi gibi fakt\u00f6rlere de dikkat etmek \u00f6nemlidir. Uzun \u00f6m\u00fcrl\u00fc ve dayan\u0131kl\u0131 bir lastik, uzun vadede tasarruf sa\u011flar. Ayr\u0131ca, yak\u0131t verimlili\u011fi sa\u011flayan lastikler, yak\u0131t t\u00fcketimini azaltarak \u00e7evreye daha dost bir s\u00fcr\u00fc\u015f deneyimi sunar.<\/font><\/p><h3><span lang=\"EN-US\"><font face=\"Calibri Light\">Mevsimsel \u0130htiya\u00e7lar:<\/font><\/span><\/h3><p class=\"MsoNormal\"><font face=\"Calibri\">Hava ko\u015fullar\u0131na ba\u011fl\u0131 olarak, mevsimsel ihtiya\u00e7lar\u0131n\u0131za uygun lastikler se\u00e7mek \u00f6nemlidir. K\u0131\u015f lastikleri, sert hava ko\u015fullar\u0131nda daha iyi yol tutu\u015fu sa\u011flar ve fren mesafesini k\u0131salt\u0131r. Yaz lastikleri ise y\u00fcksek s\u0131cakl\u0131klarda daha iyi performans g\u00f6sterir. Y\u0131l\u0131n belirli d\u00f6nemlerinde mevsimsel lastik de\u011fi\u015fimi yapmak, s\u00fcr\u00fc\u015f g\u00fcvenli\u011finizi art\u0131r\u0131r.<\/font><\/p><h3><span lang=\"EN-US\"><font face=\"Calibri Light\">Marka ve Kalite:<\/font><\/span><\/h3><p class=\"MsoNormal\"><font face=\"Calibri\">Lastik markalar\u0131 aras\u0131nda farkl\u0131l\u0131klar olabilir. Kaliteli ve g\u00fcvenilir bir marka se\u00e7mek, lastiklerin performans\u0131 ve dayan\u0131kl\u0131l\u0131\u011f\u0131 a\u00e7\u0131s\u0131ndan \u00f6nemlidir. \u0130yi bir lastik markas\u0131, s\u00fcr\u00fc\u015f g\u00fcvenli\u011fi ve konfor a\u00e7\u0131s\u0131ndan \u00f6nemli avantajlar sa\u011flar. Arama motorlar\u0131 \u00fczerinde yap\u0131lan kullan\u0131c\u0131 yorumlar\u0131 ve de\u011ferlendirmelerini okuyarak, farkl\u0131 markalar\u0131 kar\u015f\u0131la\u015ft\u0131rabilir ve do\u011fru se\u00e7imi yapabilirsiniz.<\/font><\/p><h3><span lang=\"EN-US\"><font face=\"Calibri Light\">D\u00fczenli Bak\u0131m:<\/font><\/span><\/h3><p class=\"MsoNormal\"><font face=\"Calibri\">Lastiklerinizi do\u011fru \u015fekilde kullanmak ve d\u00fczenli bak\u0131m yapmak da \u00f6nemlidir. Lastik hava bas\u0131nc\u0131n\u0131 d\u00fczenli olarak kontrol etmek, a\u015f\u0131nmay\u0131 azalt\u0131r ve lastik \u00f6mr\u00fcn\u00fc uzat\u0131r. Ayr\u0131ca, rotasyon ve dengeleme gibi d\u00fczenli bak\u0131m i\u015flemlerini yapt\u0131rmak, lastiklerin performans\u0131n\u0131 koruman\u0131za yard\u0131mc\u0131 olur.<\/font><\/p><\/p>","protected":false},"excerpt":{"rendered":"<p>\u00b7 T\u00fcm \u00fcr\u00fcnlerimiz TSE standartlar\u0131nda \u00f6zel raflarda stoklanmaktad\u0131r.*Lastiklerde RAF \u00d6MR\u00dc 10 YIL olarak belirlenmi\u015ftir.*\u00b7 Ma\u011fazam\u0131zda sat\u0131lan lastikler kullan\u0131mdan itibaren 2 YIL GARANT\u0130S\u0130 vard\u0131r.\u00b7 S\u00f6kme, takma ve balans yap\u0131lmam\u0131\u015f t\u00fcm \u00fcr\u00fcnlerdeDe\u011fi\u015fim Hakk\u0131\u2019n\u0131z mevcuttur.Dikkat! Firmam\u0131zdan sat\u0131n alm\u0131\u015f oldu\u011funuz \u00fcr\u00fcnleri teslim al\u0131rken, kargo g\u00f6revlisinin yan\u0131nda kontrol ediniz! K\u0131r\u0131k, ezik, vb. hasar g\u00f6rm\u00fc\u015f \u00fcr\u00fcnlerle ilgili tutanak tutturunuz. Aksi takdirde<\/p>\n<div class=\"klb-readmore button\"><a class=\"btn link\" href=\"https:\/\/jantlastikmagaza.com\/en\/product\/petlas-175-70r12-80t-elegant-pt311-2024\/\">Read More <i class=\"klbth-icon-right-arrow\"><\/i><\/a><\/div>","protected":false},"featured_media":5531,"comment_status":"open","ping_status":"closed","template":"","meta":[],"product_brand":[],"product_cat":[15],"product_tag":[],"class_list":{"0":"post-5532","1":"product","2":"type-product","3":"status-publish","4":"has-post-thumbnail","6":"product_cat-jant-ve-lastikler","8":"first","9":"instock","10":"sale","11":"taxable","12":"shipping-taxable","13":"purchasable","14":"product-type-simple"},"_links":{"self":[{"href":"https:\/\/jantlastikmagaza.com\/en\/wp-json\/wp\/v2\/product\/5532","targetHints":{"allow":["GET"]}}],"collection":[{"href":"https:\/\/jantlastikmagaza.com\/en\/wp-json\/wp\/v2\/product"}],"about":[{"href":"https:\/\/jantlastikmagaza.com\/en\/wp-json\/wp\/v2\/types\/product"}],"replies":[{"embeddable":true,"href":"https:\/\/jantlastikmagaza.com\/en\/wp-json\/wp\/v2\/comments?post=5532"}],"version-history":[{"count":1,"href":"https:\/\/jantlastikmagaza.com\/en\/wp-json\/wp\/v2\/product\/5532\/revisions"}],"predecessor-version":[{"id":5661,"href":"https:\/\/jantlastikmagaza.com\/en\/wp-json\/wp\/v2\/product\/5532\/revisions\/5661"}],"wp:featuredmedia":[{"embeddable":true,"href":"https:\/\/jantlastikmagaza.com\/en\/wp-json\/wp\/v2\/media\/5531"}],"wp:attachment":[{"href":"https:\/\/jantlastikmagaza.com\/en\/wp-json\/wp\/v2\/media?parent=5532"}],"wp:term":[{"taxonomy":"product_brand","embeddable":true,"href":"https:\/\/jantlastikmagaza.com\/en\/wp-json\/wp\/v2\/product_brand?post=5532"},{"taxonomy":"product_cat","embeddable":true,"href":"https:\/\/jantlastikmagaza.com\/en\/wp-json\/wp\/v2\/product_cat?post=5532"},{"taxonomy":"product_tag","embeddable":true,"href":"https:\/\/jantlastikmagaza.com\/en\/wp-json\/wp\/v2\/product_tag?post=5532"}],"curies":[{"name":"wp","href":"https:\/\/api.w.org\/{rel}","templated":true}]}}